{"id":3892,"date":"2025-05-13T09:21:36","date_gmt":"2025-05-13T13:21:36","guid":{"rendered":"https:\/\/www.trevivalleyfield.com\/?post_type=product&#038;p=3892"},"modified":"2025-05-13T09:21:37","modified_gmt":"2025-05-13T13:21:37","slug":"thermopompe-thermeau","status":"publish","type":"product","link":"https:\/\/www.trevivalleyfield.com\/produit\/thermopompe-thermeau\/","title":{"rendered":"Thermopompe Thermeau"},"content":{"rendered":"","protected":false},"excerpt":{"rendered":"<p><strong>D\u00e9givrage au gaz chaud r\u00e9versible<\/strong><br \/><strong>Chauffe-piscine r\u00e9sidentiel Prestige<\/strong><br \/>Id\u00e9ale pour les propri\u00e9taires qui recherchent des temp\u00e9ratures de chauffage optimales \u00e0 de faibles co\u00fbts de fonctionnement, la thermopompe pour piscine Prestige a \u00e9t\u00e9 d\u00e9velopp\u00e9e au Qu\u00e9bec pour prolonger la saison de baignade. Sa technologie renomm\u00e9e partout en Am\u00e9rique du Nord en fait le chauffe-eau pour piscine au rendement et \u00e0 la fiabilit\u00e9 in\u00e9gal\u00e9s qui vous apportera une totale tranquillit\u00e9 d\u2019esprit. Investissez dans le confort avec le chauffe-piscine r\u00e9sidentiel haute performance Prestige par Thermeau!<\/p>\n","protected":false},"featured_media":3893,"template":"","meta":{"_acf_changed":false},"product_brand":[],"product_cat":[42],"product_tag":[],"class_list":{"0":"post-3892","1":"product","2":"type-product","3":"status-publish","4":"has-post-thumbnail","6":"product_cat-thermopompes-pour-piscines","8":"first","9":"instock","10":"taxable","11":"shipping-taxable","12":"product-type-simple"},"acf":[],"yoast_head":"<!-- This site is optimized with the Yoast SEO plugin v24.9 - https:\/\/yoast.com\/wordpress\/plugins\/seo\/ -->\n<title>Thermopompe Thermeau - Tr\u00e9vi Valleyfield<\/title>\n<meta name=\"robots\" content=\"index, follow, max-snippet:-1, max-image-preview:large, max-video-preview:-1\" \/>\n<link rel=\"canonical\" href=\"https:\/\/www.trevivalleyfield.com\/produit\/thermopompe-thermeau\/\" \/>\n<meta property=\"og:locale\" content=\"en_US\" \/>\n<meta property=\"og:type\" content=\"article\" \/>\n<meta property=\"og:title\" content=\"Thermopompe Thermeau - Tr\u00e9vi Valleyfield\" \/>\n<meta property=\"og:description\" content=\"D\u00e9givrage au gaz chaud r\u00e9versibleChauffe-piscine r\u00e9sidentiel PrestigeId\u00e9ale pour les propri\u00e9taires qui recherchent des temp\u00e9ratures de chauffage optimales \u00e0 de faibles co\u00fbts de fonctionnement, la thermopompe pour piscine Prestige a \u00e9t\u00e9 d\u00e9velopp\u00e9e au Qu\u00e9bec pour prolonger la saison de baignade. Sa technologie renomm\u00e9e partout en Am\u00e9rique du Nord en fait le chauffe-eau pour piscine au rendement et \u00e0 la fiabilit\u00e9 in\u00e9gal\u00e9s qui vous apportera une totale tranquillit\u00e9 d\u2019esprit. Investissez dans le confort avec le chauffe-piscine r\u00e9sidentiel haute performance Prestige par Thermeau!\" \/>\n<meta property=\"og:url\" content=\"https:\/\/www.trevivalleyfield.com\/produit\/thermopompe-thermeau\/\" \/>\n<meta property=\"og:site_name\" content=\"Tr\u00e9vi Valleyfield\" \/>\n<meta property=\"article:publisher\" content=\"https:\/\/www.facebook.com\/TreviChateauguay\/\" \/>\n<meta property=\"article:modified_time\" content=\"2025-05-13T13:21:37+00:00\" \/>\n<meta property=\"og:image\" content=\"https:\/\/www.trevivalleyfield.com\/wp-content\/uploads\/2025\/05\/prestige-principal.webp\" \/>\n\t<meta property=\"og:image:width\" content=\"898\" \/>\n\t<meta property=\"og:image:height\" content=\"923\" \/>\n\t<meta property=\"og:image:type\" content=\"image\/webp\" \/>\n<meta name=\"twitter:card\" content=\"summary_large_image\" \/>\n<meta name=\"twitter:label1\" content=\"Est. reading time\" \/>\n\t<meta name=\"twitter:data1\" content=\"1 minute\" \/>\n<script type=\"application\/ld+json\" class=\"yoast-schema-graph\">{\"@context\":\"https:\/\/schema.org\",\"@graph\":[{\"@type\":\"WebPage\",\"@id\":\"https:\/\/www.trevivalleyfield.com\/produit\/thermopompe-thermeau\/\",\"url\":\"https:\/\/www.trevivalleyfield.com\/produit\/thermopompe-thermeau\/\",\"name\":\"Thermopompe Thermeau - Tr\u00e9vi Valleyfield\",\"isPartOf\":{\"@id\":\"https:\/\/www.trevivalleyfield.com\/en\/#website\"},\"primaryImageOfPage\":{\"@id\":\"https:\/\/www.trevivalleyfield.com\/produit\/thermopompe-thermeau\/#primaryimage\"},\"image\":{\"@id\":\"https:\/\/www.trevivalleyfield.com\/produit\/thermopompe-thermeau\/#primaryimage\"},\"thumbnailUrl\":\"https:\/\/www.trevivalleyfield.com\/wp-content\/uploads\/2025\/05\/prestige-principal.webp\",\"datePublished\":\"2025-05-13T13:21:36+00:00\",\"dateModified\":\"2025-05-13T13:21:37+00:00\",\"breadcrumb\":{\"@id\":\"https:\/\/www.trevivalleyfield.com\/produit\/thermopompe-thermeau\/#breadcrumb\"},\"inLanguage\":\"en-US\",\"potentialAction\":[{\"@type\":\"ReadAction\",\"target\":[\"https:\/\/www.trevivalleyfield.com\/produit\/thermopompe-thermeau\/\"]}]},{\"@type\":\"ImageObject\",\"inLanguage\":\"en-US\",\"@id\":\"https:\/\/www.trevivalleyfield.com\/produit\/thermopompe-thermeau\/#primaryimage\",\"url\":\"https:\/\/www.trevivalleyfield.com\/wp-content\/uploads\/2025\/05\/prestige-principal.webp\",\"contentUrl\":\"https:\/\/www.trevivalleyfield.com\/wp-content\/uploads\/2025\/05\/prestige-principal.webp\",\"width\":898,\"height\":923},{\"@type\":\"BreadcrumbList\",\"@id\":\"https:\/\/www.trevivalleyfield.com\/produit\/thermopompe-thermeau\/#breadcrumb\",\"itemListElement\":[{\"@type\":\"ListItem\",\"position\":1,\"name\":\"Accueil\",\"item\":\"https:\/\/www.trevivalleyfield.com\/\"},{\"@type\":\"ListItem\",\"position\":2,\"name\":\"Shop\",\"item\":\"https:\/\/www.trevivalleyfield.com\/en\/shop\/\"},{\"@type\":\"ListItem\",\"position\":3,\"name\":\"Thermopompe Thermeau\"}]},{\"@type\":\"WebSite\",\"@id\":\"https:\/\/www.trevivalleyfield.com\/en\/#website\",\"url\":\"https:\/\/www.trevivalleyfield.com\/en\/\",\"name\":\"Tr\u00e9vi Ch\u00e2teauguay\",\"description\":\"\",\"publisher\":{\"@id\":\"https:\/\/www.trevivalleyfield.com\/en\/#organization\"},\"potentialAction\":[{\"@type\":\"SearchAction\",\"target\":{\"@type\":\"EntryPoint\",\"urlTemplate\":\"https:\/\/www.trevivalleyfield.com\/en\/?s={search_term_string}\"},\"query-input\":{\"@type\":\"PropertyValueSpecification\",\"valueRequired\":true,\"valueName\":\"search_term_string\"}}],\"inLanguage\":\"en-US\"},{\"@type\":\"Organization\",\"@id\":\"https:\/\/www.trevivalleyfield.com\/en\/#organization\",\"name\":\"Tr\u00e9vi Ch\u00e2teauguay\",\"url\":\"https:\/\/www.trevivalleyfield.com\/en\/\",\"logo\":{\"@type\":\"ImageObject\",\"inLanguage\":\"en-US\",\"@id\":\"https:\/\/www.trevivalleyfield.com\/en\/#\/schema\/logo\/image\/\",\"url\":\"https:\/\/trevivalleyfield.com\/wp-content\/uploads\/2023\/03\/TreviChat_Logo-en.svg\",\"contentUrl\":\"https:\/\/trevivalleyfield.com\/wp-content\/uploads\/2023\/03\/TreviChat_Logo-en.svg\",\"width\":360,\"height\":162.099999999999994315658113919198513031005859375,\"caption\":\"Tr\u00e9vi Ch\u00e2teauguay\"},\"image\":{\"@id\":\"https:\/\/www.trevivalleyfield.com\/en\/#\/schema\/logo\/image\/\"},\"sameAs\":[\"https:\/\/www.facebook.com\/TreviChateauguay\/\",\"https:\/\/www.instagram.com\/trevichateauguay\/\"]}]}<\/script>\n<!-- \/ Yoast SEO plugin. -->","yoast_head_json":{"title":"Thermopompe Thermeau - Tr\u00e9vi Valleyfield","robots":{"index":"index","follow":"follow","max-snippet":"max-snippet:-1","max-image-preview":"max-image-preview:large","max-video-preview":"max-video-preview:-1"},"canonical":"https:\/\/www.trevivalleyfield.com\/produit\/thermopompe-thermeau\/","og_locale":"en_US","og_type":"article","og_title":"Thermopompe Thermeau - Tr\u00e9vi Valleyfield","og_description":"D\u00e9givrage au gaz chaud r\u00e9versibleChauffe-piscine r\u00e9sidentiel PrestigeId\u00e9ale pour les propri\u00e9taires qui recherchent des temp\u00e9ratures de chauffage optimales \u00e0 de faibles co\u00fbts de fonctionnement, la thermopompe pour piscine Prestige a \u00e9t\u00e9 d\u00e9velopp\u00e9e au Qu\u00e9bec pour prolonger la saison de baignade. Sa technologie renomm\u00e9e partout en Am\u00e9rique du Nord en fait le chauffe-eau pour piscine au rendement et \u00e0 la fiabilit\u00e9 in\u00e9gal\u00e9s qui vous apportera une totale tranquillit\u00e9 d\u2019esprit. Investissez dans le confort avec le chauffe-piscine r\u00e9sidentiel haute performance Prestige par Thermeau!","og_url":"https:\/\/www.trevivalleyfield.com\/produit\/thermopompe-thermeau\/","og_site_name":"Tr\u00e9vi Valleyfield","article_publisher":"https:\/\/www.facebook.com\/TreviChateauguay\/","article_modified_time":"2025-05-13T13:21:37+00:00","og_image":[{"width":898,"height":923,"url":"https:\/\/www.trevivalleyfield.com\/wp-content\/uploads\/2025\/05\/prestige-principal.webp","type":"image\/webp"}],"twitter_card":"summary_large_image","twitter_misc":{"Est. reading time":"1 minute"},"schema":{"@context":"https:\/\/schema.org","@graph":[{"@type":"WebPage","@id":"https:\/\/www.trevivalleyfield.com\/produit\/thermopompe-thermeau\/","url":"https:\/\/www.trevivalleyfield.com\/produit\/thermopompe-thermeau\/","name":"Thermopompe Thermeau - Tr\u00e9vi Valleyfield","isPartOf":{"@id":"https:\/\/www.trevivalleyfield.com\/en\/#website"},"primaryImageOfPage":{"@id":"https:\/\/www.trevivalleyfield.com\/produit\/thermopompe-thermeau\/#primaryimage"},"image":{"@id":"https:\/\/www.trevivalleyfield.com\/produit\/thermopompe-thermeau\/#primaryimage"},"thumbnailUrl":"https:\/\/www.trevivalleyfield.com\/wp-content\/uploads\/2025\/05\/prestige-principal.webp","datePublished":"2025-05-13T13:21:36+00:00","dateModified":"2025-05-13T13:21:37+00:00","breadcrumb":{"@id":"https:\/\/www.trevivalleyfield.com\/produit\/thermopompe-thermeau\/#breadcrumb"},"inLanguage":"en-US","potentialAction":[{"@type":"ReadAction","target":["https:\/\/www.trevivalleyfield.com\/produit\/thermopompe-thermeau\/"]}]},{"@type":"ImageObject","inLanguage":"en-US","@id":"https:\/\/www.trevivalleyfield.com\/produit\/thermopompe-thermeau\/#primaryimage","url":"https:\/\/www.trevivalleyfield.com\/wp-content\/uploads\/2025\/05\/prestige-principal.webp","contentUrl":"https:\/\/www.trevivalleyfield.com\/wp-content\/uploads\/2025\/05\/prestige-principal.webp","width":898,"height":923},{"@type":"BreadcrumbList","@id":"https:\/\/www.trevivalleyfield.com\/produit\/thermopompe-thermeau\/#breadcrumb","itemListElement":[{"@type":"ListItem","position":1,"name":"Accueil","item":"https:\/\/www.trevivalleyfield.com\/"},{"@type":"ListItem","position":2,"name":"Shop","item":"https:\/\/www.trevivalleyfield.com\/en\/shop\/"},{"@type":"ListItem","position":3,"name":"Thermopompe Thermeau"}]},{"@type":"WebSite","@id":"https:\/\/www.trevivalleyfield.com\/en\/#website","url":"https:\/\/www.trevivalleyfield.com\/en\/","name":"Tr\u00e9vi Ch\u00e2teauguay","description":"","publisher":{"@id":"https:\/\/www.trevivalleyfield.com\/en\/#organization"},"potentialAction":[{"@type":"SearchAction","target":{"@type":"EntryPoint","urlTemplate":"https:\/\/www.trevivalleyfield.com\/en\/?s={search_term_string}"},"query-input":{"@type":"PropertyValueSpecification","valueRequired":true,"valueName":"search_term_string"}}],"inLanguage":"en-US"},{"@type":"Organization","@id":"https:\/\/www.trevivalleyfield.com\/en\/#organization","name":"Tr\u00e9vi Ch\u00e2teauguay","url":"https:\/\/www.trevivalleyfield.com\/en\/","logo":{"@type":"ImageObject","inLanguage":"en-US","@id":"https:\/\/www.trevivalleyfield.com\/en\/#\/schema\/logo\/image\/","url":"https:\/\/trevivalleyfield.com\/wp-content\/uploads\/2023\/03\/TreviChat_Logo-en.svg","contentUrl":"https:\/\/trevivalleyfield.com\/wp-content\/uploads\/2023\/03\/TreviChat_Logo-en.svg","width":360,"height":162.099999999999994315658113919198513031005859375,"caption":"Tr\u00e9vi Ch\u00e2teauguay"},"image":{"@id":"https:\/\/www.trevivalleyfield.com\/en\/#\/schema\/logo\/image\/"},"sameAs":["https:\/\/www.facebook.com\/TreviChateauguay\/","https:\/\/www.instagram.com\/trevichateauguay\/"]}]}},"_links":{"self":[{"href":"https:\/\/www.trevivalleyfield.com\/en\/wp-json\/wp\/v2\/product\/3892","targetHints":{"allow":["GET"]}}],"collection":[{"href":"https:\/\/www.trevivalleyfield.com\/en\/wp-json\/wp\/v2\/product"}],"about":[{"href":"https:\/\/www.trevivalleyfield.com\/en\/wp-json\/wp\/v2\/types\/product"}],"wp:featuredmedia":[{"embeddable":true,"href":"https:\/\/www.trevivalleyfield.com\/en\/wp-json\/wp\/v2\/media\/3893"}],"wp:attachment":[{"href":"https:\/\/www.trevivalleyfield.com\/en\/wp-json\/wp\/v2\/media?parent=3892"}],"wp:term":[{"taxonomy":"product_brand","embeddable":true,"href":"https:\/\/www.trevivalleyfield.com\/en\/wp-json\/wp\/v2\/product_brand?post=3892"},{"taxonomy":"product_cat","embeddable":true,"href":"https:\/\/www.trevivalleyfield.com\/en\/wp-json\/wp\/v2\/product_cat?post=3892"},{"taxonomy":"product_tag","embeddable":true,"href":"https:\/\/www.trevivalleyfield.com\/en\/wp-json\/wp\/v2\/product_tag?post=3892"}],"curies":[{"name":"wp","href":"https:\/\/api.w.org\/{rel}","templated":true}]}}