{"id":1981,"date":"2023-04-03T11:13:05","date_gmt":"2023-04-03T15:13:05","guid":{"rendered":"https:\/\/www.trevivalleyfield.com\/?post_type=product&#038;p=1981"},"modified":"2024-03-14T09:35:04","modified_gmt":"2024-03-14T13:35:04","slug":"traitement-choc-sans-chlore","status":"publish","type":"product","link":"https:\/\/www.trevivalleyfield.com\/en\/produit\/traitement-choc-sans-chlore\/","title":{"rendered":"Tr\u00e9vi Chlorine-Free Shock Treatment &#8211; 2kg"},"content":{"rendered":"","protected":false},"excerpt":{"rendered":"<h3>CHLORINE-FREE SHOCK TREATMENT &#8211; GENTLE AND EFFECTIVE DISINFECTION<\/h3>\n<p>Discover Tr\u00e9vi&#8217;s chlorine-free shock treatment, an effective solution to eliminate organic waste such as sweat, body oils, and cosmetics, while maintaining the gentleness of the water. This fast-acting, odorless treatment minimizes eye and skin irritation often associated with high chlorine levels.<\/p>\n<ul>\n<li>Chlorine-free formula for softer, irritation-free water, ideal for sensitive skin.<\/li>\n<li>Fast-acting and odorless product allows you to enjoy clean and clear water without the inconvenience of chlorine odors in just 15 minutes.<\/li>\n<li>The efficacy of the treatment is not diminished by sunlight, ensuring lasting disinfection.<\/li>\n<\/ul>\n<p>&nbsp;<\/p>\n<p><strong>USAGE INSTRUCTIONS:<\/strong><\/p>\n<ul>\n<li><strong>Weekly Application:<\/strong> Administer 120 g of the product per 10,000 L of pool water each week.<\/li>\n<li><strong>Application Methods:<\/strong> Disperse directly on the water surface or in the skimmer with the filter running.<\/li>\n<li><strong>Quick Swimming:<\/strong> Wait only 15 minutes after application before enjoying the pool.<\/li>\n<\/ul>\n<p>&nbsp;<\/p>\n<p><strong>NOTE:<\/strong> For optimal efficiency, prefer applying in the evening or when the pool is not in use by swimmers. In case of hot weather, rain, or intensive pool use, additional doses may be necessary.<\/p>\n","protected":false},"featured_media":1982,"template":"","meta":{"_acf_changed":false},"product_brand":[],"product_cat":[82,103],"product_tag":[],"class_list":{"0":"post-1981","1":"product","2":"type-product","3":"status-publish","4":"has-post-thumbnail","6":"product_cat-chemicals","7":"product_cat-shock-treatments","9":"first","10":"instock","11":"taxable","12":"shipping-taxable","13":"product-type-simple"},"acf":[],"yoast_head":"<!-- This site is optimized with the Yoast SEO plugin v24.9 - https:\/\/yoast.com\/wordpress\/plugins\/seo\/ -->\n<title>Tr\u00e9vi Chlorine-Free Shock Treatment - 2kg - Tr\u00e9vi Valleyfield<\/title>\n<meta name=\"robots\" content=\"index, follow, max-snippet:-1, max-image-preview:large, max-video-preview:-1\" \/>\n<link rel=\"canonical\" href=\"https:\/\/www.trevivalleyfield.com\/en\/produit\/traitement-choc-sans-chlore\/\" \/>\n<meta property=\"og:locale\" content=\"en_US\" \/>\n<meta property=\"og:type\" content=\"article\" \/>\n<meta property=\"og:title\" content=\"Tr\u00e9vi Chlorine-Free Shock Treatment - 2kg - Tr\u00e9vi Valleyfield\" \/>\n<meta property=\"og:description\" content=\"CHLORINE-FREE SHOCK TREATMENT - GENTLE AND EFFECTIVE DISINFECTION Discover Tr\u00e9vi&#039;s chlorine-free shock treatment, an effective solution to eliminate organic waste such as sweat, body oils, and cosmetics, while maintaining the gentleness of the water. This fast-acting, odorless treatment minimizes eye and skin irritation often associated with high chlorine levels.   Chlorine-free formula for softer, irritation-free water, ideal for sensitive skin.  Fast-acting and odorless product allows you to enjoy clean and clear water without the inconvenience of chlorine odors in just 15 minutes.  The efficacy of the treatment is not diminished by sunlight, ensuring lasting disinfection.  &nbsp;  USAGE INSTRUCTIONS:   Weekly Application: Administer 120 g of the product per 10,000 L of pool water each week.  Application Methods: Disperse directly on the water surface or in the skimmer with the filter running.  Quick Swimming: Wait only 15 minutes after application before enjoying the pool.  &nbsp;  NOTE: For optimal efficiency, prefer applying in the evening or when the pool is not in use by swimmers. In case of hot weather, rain, or intensive pool use, additional doses may be necessary.\" \/>\n<meta property=\"og:url\" content=\"https:\/\/www.trevivalleyfield.com\/en\/produit\/traitement-choc-sans-chlore\/\" \/>\n<meta property=\"og:site_name\" content=\"Tr\u00e9vi Valleyfield\" \/>\n<meta property=\"article:publisher\" content=\"https:\/\/www.facebook.com\/TreviChateauguay\/\" \/>\n<meta property=\"article:modified_time\" content=\"2024-03-14T13:35:04+00:00\" \/>\n<meta property=\"og:image\" content=\"https:\/\/www.trevivalleyfield.com\/wp-content\/uploads\/2023\/04\/18380-trevi-choc-sans-chlore-2kg_1.jpg\" \/>\n\t<meta property=\"og:image:width\" content=\"2000\" \/>\n\t<meta property=\"og:image:height\" content=\"2000\" \/>\n\t<meta property=\"og:image:type\" content=\"image\/jpeg\" \/>\n<meta name=\"twitter:card\" content=\"summary_large_image\" \/>\n<script type=\"application\/ld+json\" class=\"yoast-schema-graph\">{\"@context\":\"https:\/\/schema.org\",\"@graph\":[{\"@type\":\"WebPage\",\"@id\":\"https:\/\/www.trevivalleyfield.com\/en\/produit\/traitement-choc-sans-chlore\/\",\"url\":\"https:\/\/www.trevivalleyfield.com\/en\/produit\/traitement-choc-sans-chlore\/\",\"name\":\"Tr\u00e9vi Chlorine-Free Shock Treatment - 2kg - Tr\u00e9vi Valleyfield\",\"isPartOf\":{\"@id\":\"https:\/\/www.trevivalleyfield.com\/en\/#website\"},\"primaryImageOfPage\":{\"@id\":\"https:\/\/www.trevivalleyfield.com\/en\/produit\/traitement-choc-sans-chlore\/#primaryimage\"},\"image\":{\"@id\":\"https:\/\/www.trevivalleyfield.com\/en\/produit\/traitement-choc-sans-chlore\/#primaryimage\"},\"thumbnailUrl\":\"https:\/\/www.trevivalleyfield.com\/wp-content\/uploads\/2023\/04\/18380-trevi-choc-sans-chlore-2kg_1.jpg\",\"datePublished\":\"2023-04-03T15:13:05+00:00\",\"dateModified\":\"2024-03-14T13:35:04+00:00\",\"breadcrumb\":{\"@id\":\"https:\/\/www.trevivalleyfield.com\/en\/produit\/traitement-choc-sans-chlore\/#breadcrumb\"},\"inLanguage\":\"en-US\",\"potentialAction\":[{\"@type\":\"ReadAction\",\"target\":[\"https:\/\/www.trevivalleyfield.com\/en\/produit\/traitement-choc-sans-chlore\/\"]}]},{\"@type\":\"ImageObject\",\"inLanguage\":\"en-US\",\"@id\":\"https:\/\/www.trevivalleyfield.com\/en\/produit\/traitement-choc-sans-chlore\/#primaryimage\",\"url\":\"https:\/\/www.trevivalleyfield.com\/wp-content\/uploads\/2023\/04\/18380-trevi-choc-sans-chlore-2kg_1.jpg\",\"contentUrl\":\"https:\/\/www.trevivalleyfield.com\/wp-content\/uploads\/2023\/04\/18380-trevi-choc-sans-chlore-2kg_1.jpg\",\"width\":2000,\"height\":2000},{\"@type\":\"BreadcrumbList\",\"@id\":\"https:\/\/www.trevivalleyfield.com\/en\/produit\/traitement-choc-sans-chlore\/#breadcrumb\",\"itemListElement\":[{\"@type\":\"ListItem\",\"position\":1,\"name\":\"Accueil\",\"item\":\"https:\/\/www.trevivalleyfield.com\/\"},{\"@type\":\"ListItem\",\"position\":2,\"name\":\"Shop\",\"item\":\"https:\/\/www.trevivalleyfield.com\/en\/shop\/\"},{\"@type\":\"ListItem\",\"position\":3,\"name\":\"Tr\u00e9vi Chlorine-Free Shock Treatment &#8211; 2kg\"}]},{\"@type\":\"WebSite\",\"@id\":\"https:\/\/www.trevivalleyfield.com\/en\/#website\",\"url\":\"https:\/\/www.trevivalleyfield.com\/en\/\",\"name\":\"Tr\u00e9vi Ch\u00e2teauguay\",\"description\":\"\",\"publisher\":{\"@id\":\"https:\/\/www.trevivalleyfield.com\/en\/#organization\"},\"potentialAction\":[{\"@type\":\"SearchAction\",\"target\":{\"@type\":\"EntryPoint\",\"urlTemplate\":\"https:\/\/www.trevivalleyfield.com\/en\/?s={search_term_string}\"},\"query-input\":{\"@type\":\"PropertyValueSpecification\",\"valueRequired\":true,\"valueName\":\"search_term_string\"}}],\"inLanguage\":\"en-US\"},{\"@type\":\"Organization\",\"@id\":\"https:\/\/www.trevivalleyfield.com\/en\/#organization\",\"name\":\"Tr\u00e9vi Ch\u00e2teauguay\",\"url\":\"https:\/\/www.trevivalleyfield.com\/en\/\",\"logo\":{\"@type\":\"ImageObject\",\"inLanguage\":\"en-US\",\"@id\":\"https:\/\/www.trevivalleyfield.com\/en\/#\/schema\/logo\/image\/\",\"url\":\"https:\/\/trevivalleyfield.com\/wp-content\/uploads\/2023\/03\/TreviChat_Logo-en.svg\",\"contentUrl\":\"https:\/\/trevivalleyfield.com\/wp-content\/uploads\/2023\/03\/TreviChat_Logo-en.svg\",\"width\":360,\"height\":162.099999999999994315658113919198513031005859375,\"caption\":\"Tr\u00e9vi Ch\u00e2teauguay\"},\"image\":{\"@id\":\"https:\/\/www.trevivalleyfield.com\/en\/#\/schema\/logo\/image\/\"},\"sameAs\":[\"https:\/\/www.facebook.com\/TreviChateauguay\/\",\"https:\/\/www.instagram.com\/trevichateauguay\/\"]}]}<\/script>\n<!-- \/ Yoast SEO plugin. -->","yoast_head_json":{"title":"Tr\u00e9vi Chlorine-Free Shock Treatment - 2kg - Tr\u00e9vi Valleyfield","robots":{"index":"index","follow":"follow","max-snippet":"max-snippet:-1","max-image-preview":"max-image-preview:large","max-video-preview":"max-video-preview:-1"},"canonical":"https:\/\/www.trevivalleyfield.com\/en\/produit\/traitement-choc-sans-chlore\/","og_locale":"en_US","og_type":"article","og_title":"Tr\u00e9vi Chlorine-Free Shock Treatment - 2kg - Tr\u00e9vi Valleyfield","og_description":"CHLORINE-FREE SHOCK TREATMENT - GENTLE AND EFFECTIVE DISINFECTION Discover Tr\u00e9vi's chlorine-free shock treatment, an effective solution to eliminate organic waste such as sweat, body oils, and cosmetics, while maintaining the gentleness of the water. This fast-acting, odorless treatment minimizes eye and skin irritation often associated with high chlorine levels.   Chlorine-free formula for softer, irritation-free water, ideal for sensitive skin.  Fast-acting and odorless product allows you to enjoy clean and clear water without the inconvenience of chlorine odors in just 15 minutes.  The efficacy of the treatment is not diminished by sunlight, ensuring lasting disinfection.  &nbsp;  USAGE INSTRUCTIONS:   Weekly Application: Administer 120 g of the product per 10,000 L of pool water each week.  Application Methods: Disperse directly on the water surface or in the skimmer with the filter running.  Quick Swimming: Wait only 15 minutes after application before enjoying the pool.  &nbsp;  NOTE: For optimal efficiency, prefer applying in the evening or when the pool is not in use by swimmers. In case of hot weather, rain, or intensive pool use, additional doses may be necessary.","og_url":"https:\/\/www.trevivalleyfield.com\/en\/produit\/traitement-choc-sans-chlore\/","og_site_name":"Tr\u00e9vi Valleyfield","article_publisher":"https:\/\/www.facebook.com\/TreviChateauguay\/","article_modified_time":"2024-03-14T13:35:04+00:00","og_image":[{"width":2000,"height":2000,"url":"https:\/\/www.trevivalleyfield.com\/wp-content\/uploads\/2023\/04\/18380-trevi-choc-sans-chlore-2kg_1.jpg","type":"image\/jpeg"}],"twitter_card":"summary_large_image","schema":{"@context":"https:\/\/schema.org","@graph":[{"@type":"WebPage","@id":"https:\/\/www.trevivalleyfield.com\/en\/produit\/traitement-choc-sans-chlore\/","url":"https:\/\/www.trevivalleyfield.com\/en\/produit\/traitement-choc-sans-chlore\/","name":"Tr\u00e9vi Chlorine-Free Shock Treatment - 2kg - Tr\u00e9vi Valleyfield","isPartOf":{"@id":"https:\/\/www.trevivalleyfield.com\/en\/#website"},"primaryImageOfPage":{"@id":"https:\/\/www.trevivalleyfield.com\/en\/produit\/traitement-choc-sans-chlore\/#primaryimage"},"image":{"@id":"https:\/\/www.trevivalleyfield.com\/en\/produit\/traitement-choc-sans-chlore\/#primaryimage"},"thumbnailUrl":"https:\/\/www.trevivalleyfield.com\/wp-content\/uploads\/2023\/04\/18380-trevi-choc-sans-chlore-2kg_1.jpg","datePublished":"2023-04-03T15:13:05+00:00","dateModified":"2024-03-14T13:35:04+00:00","breadcrumb":{"@id":"https:\/\/www.trevivalleyfield.com\/en\/produit\/traitement-choc-sans-chlore\/#breadcrumb"},"inLanguage":"en-US","potentialAction":[{"@type":"ReadAction","target":["https:\/\/www.trevivalleyfield.com\/en\/produit\/traitement-choc-sans-chlore\/"]}]},{"@type":"ImageObject","inLanguage":"en-US","@id":"https:\/\/www.trevivalleyfield.com\/en\/produit\/traitement-choc-sans-chlore\/#primaryimage","url":"https:\/\/www.trevivalleyfield.com\/wp-content\/uploads\/2023\/04\/18380-trevi-choc-sans-chlore-2kg_1.jpg","contentUrl":"https:\/\/www.trevivalleyfield.com\/wp-content\/uploads\/2023\/04\/18380-trevi-choc-sans-chlore-2kg_1.jpg","width":2000,"height":2000},{"@type":"BreadcrumbList","@id":"https:\/\/www.trevivalleyfield.com\/en\/produit\/traitement-choc-sans-chlore\/#breadcrumb","itemListElement":[{"@type":"ListItem","position":1,"name":"Accueil","item":"https:\/\/www.trevivalleyfield.com\/"},{"@type":"ListItem","position":2,"name":"Shop","item":"https:\/\/www.trevivalleyfield.com\/en\/shop\/"},{"@type":"ListItem","position":3,"name":"Tr\u00e9vi Chlorine-Free Shock Treatment &#8211; 2kg"}]},{"@type":"WebSite","@id":"https:\/\/www.trevivalleyfield.com\/en\/#website","url":"https:\/\/www.trevivalleyfield.com\/en\/","name":"Tr\u00e9vi Ch\u00e2teauguay","description":"","publisher":{"@id":"https:\/\/www.trevivalleyfield.com\/en\/#organization"},"potentialAction":[{"@type":"SearchAction","target":{"@type":"EntryPoint","urlTemplate":"https:\/\/www.trevivalleyfield.com\/en\/?s={search_term_string}"},"query-input":{"@type":"PropertyValueSpecification","valueRequired":true,"valueName":"search_term_string"}}],"inLanguage":"en-US"},{"@type":"Organization","@id":"https:\/\/www.trevivalleyfield.com\/en\/#organization","name":"Tr\u00e9vi Ch\u00e2teauguay","url":"https:\/\/www.trevivalleyfield.com\/en\/","logo":{"@type":"ImageObject","inLanguage":"en-US","@id":"https:\/\/www.trevivalleyfield.com\/en\/#\/schema\/logo\/image\/","url":"https:\/\/trevivalleyfield.com\/wp-content\/uploads\/2023\/03\/TreviChat_Logo-en.svg","contentUrl":"https:\/\/trevivalleyfield.com\/wp-content\/uploads\/2023\/03\/TreviChat_Logo-en.svg","width":360,"height":162.099999999999994315658113919198513031005859375,"caption":"Tr\u00e9vi Ch\u00e2teauguay"},"image":{"@id":"https:\/\/www.trevivalleyfield.com\/en\/#\/schema\/logo\/image\/"},"sameAs":["https:\/\/www.facebook.com\/TreviChateauguay\/","https:\/\/www.instagram.com\/trevichateauguay\/"]}]}},"_links":{"self":[{"href":"https:\/\/www.trevivalleyfield.com\/en\/wp-json\/wp\/v2\/product\/1981","targetHints":{"allow":["GET"]}}],"collection":[{"href":"https:\/\/www.trevivalleyfield.com\/en\/wp-json\/wp\/v2\/product"}],"about":[{"href":"https:\/\/www.trevivalleyfield.com\/en\/wp-json\/wp\/v2\/types\/product"}],"wp:featuredmedia":[{"embeddable":true,"href":"https:\/\/www.trevivalleyfield.com\/en\/wp-json\/wp\/v2\/media\/1982"}],"wp:attachment":[{"href":"https:\/\/www.trevivalleyfield.com\/en\/wp-json\/wp\/v2\/media?parent=1981"}],"wp:term":[{"taxonomy":"product_brand","embeddable":true,"href":"https:\/\/www.trevivalleyfield.com\/en\/wp-json\/wp\/v2\/product_brand?post=1981"},{"taxonomy":"product_cat","embeddable":true,"href":"https:\/\/www.trevivalleyfield.com\/en\/wp-json\/wp\/v2\/product_cat?post=1981"},{"taxonomy":"product_tag","embeddable":true,"href":"https:\/\/www.trevivalleyfield.com\/en\/wp-json\/wp\/v2\/product_tag?post=1981"}],"curies":[{"name":"wp","href":"https:\/\/api.w.org\/{rel}","templated":true}]}}