{"id":1664,"date":"2025-05-03T20:17:55","date_gmt":"2025-05-04T00:17:55","guid":{"rendered":"https:\/\/www.trevivalleyfield.com\/produit\/trevi-l-750\/"},"modified":"2024-05-06T14:39:58","modified_gmt":"2024-05-06T18:39:58","slug":"trevi-innovation-l-750-outdoor-spa","status":"publish","type":"product","link":"https:\/\/www.trevivalleyfield.com\/en\/outdoor-spa\/innovation-l-750-outdoor-spa\/","title":{"rendered":"Tr\u00e9vi L-750 Spa"},"content":{"rendered":"","protected":false},"excerpt":{"rendered":"<h3>Discover the Tr\u00e9vi L-750: Dive into the Luxury of Ultimate Relaxation<\/h3>\n<p>Thanks to its two pumps and RMAXTM ecological insulation, you will enjoy the therapeutic benefits of this spa. Not to mention the SimpleClearTM ozone sanitation system and the in.touch 2\u00ae Wi-Fi remote control.<\/p>\n<p><strong>FEATURES:<\/strong><\/p>\n<ul>\n<li>\u00a092&#8243; X 92&#8243; X 39&#8243;\u00a0<\/li>\n<li>LED lights<\/li>\n<li>Water capacity\u2009: 1450 liters<\/li>\n<li>Weight empty : 950 lb<\/li>\n<li>Weight filled : 4\u2009450 lb\u00a0<\/li>\n<li>Ozone sanitation system<\/li>\n<li>Internal components made in Quebec<\/li>\n<li>Plaskolite\u00ae acrylic shell<\/li>\n<li>Insulated and soundproof fiberglass cabinet<\/li>\n<li>IN.K1000 touch screen keypad<\/li>\n<li>Ecological RMAXTM insulation<\/li>\n<li>Black deluxe cover<\/li>\n<\/ul>\n","protected":false},"featured_media":3191,"template":"","meta":{"_acf_changed":false},"product_brand":[],"product_cat":[88,84],"product_tag":[],"class_list":{"0":"post-1664","1":"product","2":"type-product","3":"status-publish","4":"has-post-thumbnail","6":"product_cat-innovation-line","7":"product_cat-spas-en","9":"first","10":"instock","11":"taxable","12":"shipping-taxable","13":"product-type-simple"},"acf":[],"yoast_head":"<!-- This site is optimized with the Yoast SEO plugin v24.9 - https:\/\/yoast.com\/wordpress\/plugins\/seo\/ -->\n<title>Tr\u00e9vi L-750 Spa - Tr\u00e9vi Valleyfield<\/title>\n<meta name=\"robots\" content=\"index, follow, max-snippet:-1, max-image-preview:large, max-video-preview:-1\" \/>\n<link rel=\"canonical\" href=\"https:\/\/www.trevivalleyfield.com\/en\/outdoor-spa\/innovation-l-750-outdoor-spa\/\" \/>\n<meta property=\"og:locale\" content=\"en_US\" \/>\n<meta property=\"og:type\" content=\"article\" \/>\n<meta property=\"og:title\" content=\"Tr\u00e9vi L-750 Spa - Tr\u00e9vi Valleyfield\" \/>\n<meta property=\"og:description\" content=\"Discover the Tr\u00e9vi L-750: Dive into the Luxury of Ultimate RelaxationThanks to its two pumps and RMAXTM ecological insulation, you will enjoy the therapeutic benefits of this spa. Not to mention the SimpleClearTM ozone sanitation system and the in.touch 2\u00ae Wi-Fi remote control.FEATURES:\u00a092&quot; X 92&quot; X 39&quot;\u00a0LED lightsWater capacity\u2009: 1450 litersWeight empty : 950 lbWeight filled : 4\u2009450 lb\u00a0Ozone sanitation systemInternal components made in QuebecPlaskolite\u00ae acrylic shellInsulated and soundproof fiberglass cabinetIN.K1000 touch screen keypadEcological RMAXTM insulationBlack deluxe cover\" \/>\n<meta property=\"og:url\" content=\"https:\/\/www.trevivalleyfield.com\/en\/outdoor-spa\/innovation-l-750-outdoor-spa\/\" \/>\n<meta property=\"og:site_name\" content=\"Tr\u00e9vi Valleyfield\" \/>\n<meta property=\"article:publisher\" content=\"https:\/\/www.facebook.com\/TreviChateauguay\/\" \/>\n<meta property=\"og:image\" content=\"https:\/\/www.trevivalleyfield.com\/wp-content\/uploads\/2023\/02\/L-750-Ambiance-2022_1.jpg\" \/>\n\t<meta property=\"og:image:width\" content=\"2000\" \/>\n\t<meta property=\"og:image:height\" content=\"2000\" \/>\n\t<meta property=\"og:image:type\" content=\"image\/jpeg\" \/>\n<meta name=\"twitter:card\" content=\"summary_large_image\" \/>\n<meta name=\"twitter:label1\" content=\"Est. reading time\" \/>\n\t<meta name=\"twitter:data1\" content=\"1 minute\" \/>\n<script type=\"application\/ld+json\" class=\"yoast-schema-graph\">{\"@context\":\"https:\/\/schema.org\",\"@graph\":[{\"@type\":\"WebPage\",\"@id\":\"https:\/\/www.trevivalleyfield.com\/en\/outdoor-spa\/innovation-l-750-outdoor-spa\/\",\"url\":\"https:\/\/www.trevivalleyfield.com\/en\/outdoor-spa\/innovation-l-750-outdoor-spa\/\",\"name\":\"Tr\u00e9vi L-750 Spa - Tr\u00e9vi Valleyfield\",\"isPartOf\":{\"@id\":\"https:\/\/www.trevivalleyfield.com\/en\/#website\"},\"primaryImageOfPage\":{\"@id\":\"https:\/\/www.trevivalleyfield.com\/en\/outdoor-spa\/innovation-l-750-outdoor-spa\/#primaryimage\"},\"image\":{\"@id\":\"https:\/\/www.trevivalleyfield.com\/en\/outdoor-spa\/innovation-l-750-outdoor-spa\/#primaryimage\"},\"thumbnailUrl\":\"https:\/\/www.trevivalleyfield.com\/wp-content\/uploads\/2023\/02\/L-750-Ambiance-2022_1.jpg\",\"datePublished\":\"2025-05-04T00:17:55+00:00\",\"breadcrumb\":{\"@id\":\"https:\/\/www.trevivalleyfield.com\/en\/outdoor-spa\/innovation-l-750-outdoor-spa\/#breadcrumb\"},\"inLanguage\":\"en-US\",\"potentialAction\":[{\"@type\":\"ReadAction\",\"target\":[\"https:\/\/www.trevivalleyfield.com\/en\/outdoor-spa\/innovation-l-750-outdoor-spa\/\"]}]},{\"@type\":\"ImageObject\",\"inLanguage\":\"en-US\",\"@id\":\"https:\/\/www.trevivalleyfield.com\/en\/outdoor-spa\/innovation-l-750-outdoor-spa\/#primaryimage\",\"url\":\"https:\/\/www.trevivalleyfield.com\/wp-content\/uploads\/2023\/02\/L-750-Ambiance-2022_1.jpg\",\"contentUrl\":\"https:\/\/www.trevivalleyfield.com\/wp-content\/uploads\/2023\/02\/L-750-Ambiance-2022_1.jpg\",\"width\":2000,\"height\":2000},{\"@type\":\"BreadcrumbList\",\"@id\":\"https:\/\/www.trevivalleyfield.com\/en\/outdoor-spa\/innovation-l-750-outdoor-spa\/#breadcrumb\",\"itemListElement\":[{\"@type\":\"ListItem\",\"position\":1,\"name\":\"Accueil\",\"item\":\"https:\/\/www.trevivalleyfield.com\/\"},{\"@type\":\"ListItem\",\"position\":2,\"name\":\"Shop\",\"item\":\"https:\/\/www.trevivalleyfield.com\/en\/shop\/\"},{\"@type\":\"ListItem\",\"position\":3,\"name\":\"Tr\u00e9vi L-750 Spa\"}]},{\"@type\":\"WebSite\",\"@id\":\"https:\/\/www.trevivalleyfield.com\/en\/#website\",\"url\":\"https:\/\/www.trevivalleyfield.com\/en\/\",\"name\":\"Tr\u00e9vi Ch\u00e2teauguay\",\"description\":\"\",\"publisher\":{\"@id\":\"https:\/\/www.trevivalleyfield.com\/en\/#organization\"},\"potentialAction\":[{\"@type\":\"SearchAction\",\"target\":{\"@type\":\"EntryPoint\",\"urlTemplate\":\"https:\/\/www.trevivalleyfield.com\/en\/?s={search_term_string}\"},\"query-input\":{\"@type\":\"PropertyValueSpecification\",\"valueRequired\":true,\"valueName\":\"search_term_string\"}}],\"inLanguage\":\"en-US\"},{\"@type\":\"Organization\",\"@id\":\"https:\/\/www.trevivalleyfield.com\/en\/#organization\",\"name\":\"Tr\u00e9vi Ch\u00e2teauguay\",\"url\":\"https:\/\/www.trevivalleyfield.com\/en\/\",\"logo\":{\"@type\":\"ImageObject\",\"inLanguage\":\"en-US\",\"@id\":\"https:\/\/www.trevivalleyfield.com\/en\/#\/schema\/logo\/image\/\",\"url\":\"https:\/\/trevivalleyfield.com\/wp-content\/uploads\/2023\/03\/TreviChat_Logo-en.svg\",\"contentUrl\":\"https:\/\/trevivalleyfield.com\/wp-content\/uploads\/2023\/03\/TreviChat_Logo-en.svg\",\"width\":360,\"height\":162.099999999999994315658113919198513031005859375,\"caption\":\"Tr\u00e9vi Ch\u00e2teauguay\"},\"image\":{\"@id\":\"https:\/\/www.trevivalleyfield.com\/en\/#\/schema\/logo\/image\/\"},\"sameAs\":[\"https:\/\/www.facebook.com\/TreviChateauguay\/\",\"https:\/\/www.instagram.com\/trevichateauguay\/\"]}]}<\/script>\n<!-- \/ Yoast SEO plugin. -->","yoast_head_json":{"title":"Tr\u00e9vi L-750 Spa - Tr\u00e9vi Valleyfield","robots":{"index":"index","follow":"follow","max-snippet":"max-snippet:-1","max-image-preview":"max-image-preview:large","max-video-preview":"max-video-preview:-1"},"canonical":"https:\/\/www.trevivalleyfield.com\/en\/outdoor-spa\/innovation-l-750-outdoor-spa\/","og_locale":"en_US","og_type":"article","og_title":"Tr\u00e9vi L-750 Spa - Tr\u00e9vi Valleyfield","og_description":"Discover the Tr\u00e9vi L-750: Dive into the Luxury of Ultimate RelaxationThanks to its two pumps and RMAXTM ecological insulation, you will enjoy the therapeutic benefits of this spa. Not to mention the SimpleClearTM ozone sanitation system and the in.touch 2\u00ae Wi-Fi remote control.FEATURES:\u00a092\" X 92\" X 39\"\u00a0LED lightsWater capacity\u2009: 1450 litersWeight empty : 950 lbWeight filled : 4\u2009450 lb\u00a0Ozone sanitation systemInternal components made in QuebecPlaskolite\u00ae acrylic shellInsulated and soundproof fiberglass cabinetIN.K1000 touch screen keypadEcological RMAXTM insulationBlack deluxe cover","og_url":"https:\/\/www.trevivalleyfield.com\/en\/outdoor-spa\/innovation-l-750-outdoor-spa\/","og_site_name":"Tr\u00e9vi Valleyfield","article_publisher":"https:\/\/www.facebook.com\/TreviChateauguay\/","og_image":[{"width":2000,"height":2000,"url":"https:\/\/www.trevivalleyfield.com\/wp-content\/uploads\/2023\/02\/L-750-Ambiance-2022_1.jpg","type":"image\/jpeg"}],"twitter_card":"summary_large_image","twitter_misc":{"Est. reading time":"1 minute"},"schema":{"@context":"https:\/\/schema.org","@graph":[{"@type":"WebPage","@id":"https:\/\/www.trevivalleyfield.com\/en\/outdoor-spa\/innovation-l-750-outdoor-spa\/","url":"https:\/\/www.trevivalleyfield.com\/en\/outdoor-spa\/innovation-l-750-outdoor-spa\/","name":"Tr\u00e9vi L-750 Spa - Tr\u00e9vi Valleyfield","isPartOf":{"@id":"https:\/\/www.trevivalleyfield.com\/en\/#website"},"primaryImageOfPage":{"@id":"https:\/\/www.trevivalleyfield.com\/en\/outdoor-spa\/innovation-l-750-outdoor-spa\/#primaryimage"},"image":{"@id":"https:\/\/www.trevivalleyfield.com\/en\/outdoor-spa\/innovation-l-750-outdoor-spa\/#primaryimage"},"thumbnailUrl":"https:\/\/www.trevivalleyfield.com\/wp-content\/uploads\/2023\/02\/L-750-Ambiance-2022_1.jpg","datePublished":"2025-05-04T00:17:55+00:00","breadcrumb":{"@id":"https:\/\/www.trevivalleyfield.com\/en\/outdoor-spa\/innovation-l-750-outdoor-spa\/#breadcrumb"},"inLanguage":"en-US","potentialAction":[{"@type":"ReadAction","target":["https:\/\/www.trevivalleyfield.com\/en\/outdoor-spa\/innovation-l-750-outdoor-spa\/"]}]},{"@type":"ImageObject","inLanguage":"en-US","@id":"https:\/\/www.trevivalleyfield.com\/en\/outdoor-spa\/innovation-l-750-outdoor-spa\/#primaryimage","url":"https:\/\/www.trevivalleyfield.com\/wp-content\/uploads\/2023\/02\/L-750-Ambiance-2022_1.jpg","contentUrl":"https:\/\/www.trevivalleyfield.com\/wp-content\/uploads\/2023\/02\/L-750-Ambiance-2022_1.jpg","width":2000,"height":2000},{"@type":"BreadcrumbList","@id":"https:\/\/www.trevivalleyfield.com\/en\/outdoor-spa\/innovation-l-750-outdoor-spa\/#breadcrumb","itemListElement":[{"@type":"ListItem","position":1,"name":"Accueil","item":"https:\/\/www.trevivalleyfield.com\/"},{"@type":"ListItem","position":2,"name":"Shop","item":"https:\/\/www.trevivalleyfield.com\/en\/shop\/"},{"@type":"ListItem","position":3,"name":"Tr\u00e9vi L-750 Spa"}]},{"@type":"WebSite","@id":"https:\/\/www.trevivalleyfield.com\/en\/#website","url":"https:\/\/www.trevivalleyfield.com\/en\/","name":"Tr\u00e9vi Ch\u00e2teauguay","description":"","publisher":{"@id":"https:\/\/www.trevivalleyfield.com\/en\/#organization"},"potentialAction":[{"@type":"SearchAction","target":{"@type":"EntryPoint","urlTemplate":"https:\/\/www.trevivalleyfield.com\/en\/?s={search_term_string}"},"query-input":{"@type":"PropertyValueSpecification","valueRequired":true,"valueName":"search_term_string"}}],"inLanguage":"en-US"},{"@type":"Organization","@id":"https:\/\/www.trevivalleyfield.com\/en\/#organization","name":"Tr\u00e9vi Ch\u00e2teauguay","url":"https:\/\/www.trevivalleyfield.com\/en\/","logo":{"@type":"ImageObject","inLanguage":"en-US","@id":"https:\/\/www.trevivalleyfield.com\/en\/#\/schema\/logo\/image\/","url":"https:\/\/trevivalleyfield.com\/wp-content\/uploads\/2023\/03\/TreviChat_Logo-en.svg","contentUrl":"https:\/\/trevivalleyfield.com\/wp-content\/uploads\/2023\/03\/TreviChat_Logo-en.svg","width":360,"height":162.099999999999994315658113919198513031005859375,"caption":"Tr\u00e9vi Ch\u00e2teauguay"},"image":{"@id":"https:\/\/www.trevivalleyfield.com\/en\/#\/schema\/logo\/image\/"},"sameAs":["https:\/\/www.facebook.com\/TreviChateauguay\/","https:\/\/www.instagram.com\/trevichateauguay\/"]}]}},"_links":{"self":[{"href":"https:\/\/www.trevivalleyfield.com\/en\/wp-json\/wp\/v2\/product\/1664","targetHints":{"allow":["GET"]}}],"collection":[{"href":"https:\/\/www.trevivalleyfield.com\/en\/wp-json\/wp\/v2\/product"}],"about":[{"href":"https:\/\/www.trevivalleyfield.com\/en\/wp-json\/wp\/v2\/types\/product"}],"wp:featuredmedia":[{"embeddable":true,"href":"https:\/\/www.trevivalleyfield.com\/en\/wp-json\/wp\/v2\/media\/3191"}],"wp:attachment":[{"href":"https:\/\/www.trevivalleyfield.com\/en\/wp-json\/wp\/v2\/media?parent=1664"}],"wp:term":[{"taxonomy":"product_brand","embeddable":true,"href":"https:\/\/www.trevivalleyfield.com\/en\/wp-json\/wp\/v2\/product_brand?post=1664"},{"taxonomy":"product_cat","embeddable":true,"href":"https:\/\/www.trevivalleyfield.com\/en\/wp-json\/wp\/v2\/product_cat?post=1664"},{"taxonomy":"product_tag","embeddable":true,"href":"https:\/\/www.trevivalleyfield.com\/en\/wp-json\/wp\/v2\/product_tag?post=1664"}],"curies":[{"name":"wp","href":"https:\/\/api.w.org\/{rel}","templated":true}]}}